{"id":1957,"date":"2023-01-23T16:49:08","date_gmt":"2023-01-23T15:49:08","guid":{"rendered":"http:\/\/herynekjan.savana-hosting.cz\/pile\/info\/"},"modified":"2024-08-05T12:16:10","modified_gmt":"2024-08-05T10:16:10","slug":"info","status":"publish","type":"page","link":"https:\/\/herynek.com\/en\/info\/","title":{"rendered":"INFO"},"content":{"rendered":"<p>Billing informations Jan Herynek Roh\u00e1\u010de z Dub\u00e9 137\/14 77900 Olomouc Czech republic ID 66965578 VAT Nr. CZ7304065373 Pl\u00e1tce DPH Bank account KB Olomouc 19-099 864 0297 \/ 0100 Studio Herynek is a member of The Czech Union of Graphic Design.<\/p>\n<h2>Design Herynek is a studio focused on brand development, visual identity and style. We believe in the power of ideas and the value of quality design. We create with an approach based on insight, built on collaboration and executed with meticulous attention to detail. We offer both courage and experience. For more than two decades, we have worked together with our clients to help them grow. We help with change or starting a new business. We create visible values.<\/h2>\n<div>\n<h2>Studio Design Herynek Ml\u00fdnsk\u00e1 938\/4 CZ-779 00 Olomouc<\/h2>\n<h2>9.00\u201317.00 h info@herynek.com<\/h2>\n<\/div>\n<div>\n<h2>+420 777 550 506<\/h2>\n<\/div>\n<h2>Graphic Design Packaging Visual Identity Corporate Identity Branding Art direction Book design Ilustration Photography Naming Editorial Consulting<\/h2>\n","protected":false},"excerpt":{"rendered":"<p>Billing informations Jan Herynek Roh\u00e1\u010de z Dub\u00e9 137\/14 77900 Olomouc Czech republic ID 66965578 VAT Nr. CZ7304065373 Pl\u00e1tce DPH Bank account KB Olomouc 19-099 864 0297 \/ 0100 Studio Herynek is a member of The Czech Union of Graphic Design. Design Herynek is a studio focused on brand development, visual identity and style. We believe..<\/p>\n","protected":false},"author":2,"featured_media":0,"parent":0,"menu_order":0,"comment_status":"closed","ping_status":"closed","template":"page-templates\/page-builder.php","meta":{"inline_featured_image":false,"footnotes":""},"class_list":["post-1957","page","type-page","status-publish","hentry"],"_links":{"self":[{"href":"https:\/\/herynek.com\/en\/wp-json\/wp\/v2\/pages\/1957","targetHints":{"allow":["GET"]}}],"collection":[{"href":"https:\/\/herynek.com\/en\/wp-json\/wp\/v2\/pages"}],"about":[{"href":"https:\/\/herynek.com\/en\/wp-json\/wp\/v2\/types\/page"}],"author":[{"embeddable":true,"href":"https:\/\/herynek.com\/en\/wp-json\/wp\/v2\/users\/2"}],"replies":[{"embeddable":true,"href":"https:\/\/herynek.com\/en\/wp-json\/wp\/v2\/comments?post=1957"}],"version-history":[{"count":7,"href":"https:\/\/herynek.com\/en\/wp-json\/wp\/v2\/pages\/1957\/revisions"}],"predecessor-version":[{"id":2558,"href":"https:\/\/herynek.com\/en\/wp-json\/wp\/v2\/pages\/1957\/revisions\/2558"}],"wp:attachment":[{"href":"https:\/\/herynek.com\/en\/wp-json\/wp\/v2\/media?parent=1957"}],"curies":[{"name":"wp","href":"https:\/\/api.w.org\/{rel}","templated":true}]}}